{"id":27,"date":"2024-07-31T08:36:39","date_gmt":"2024-07-31T06:36:39","guid":{"rendered":"http:\/\/teszt.stretchingclub.hu\/?page_id=27"},"modified":"2024-08-22T22:51:40","modified_gmt":"2024-08-22T20:51:40","slug":"oktatok","status":"publish","type":"page","link":"http:\/\/stretchingclub.hu\/index.php\/oktatok\/","title":{"rendered":"OKTAT\u00d3K"},"content":{"rendered":"\t\t<div data-elementor-type=\"wp-page\" data-elementor-id=\"27\" class=\"elementor elementor-27\" data-elementor-post-type=\"page\">\n\t\t\t\t\t\t<section class=\"elementor-section elementor-top-section elementor-element elementor-element-0a9f97c elementor-section-height-min-height elementor-section-boxed elementor-section-height-default elementor-section-items-middle\" data-id=\"0a9f97c\" data-element_type=\"section\" data-settings=\"{&quot;background_background&quot;:&quot;classic&quot;}\">\n\t\t\t\t\t\t\t<div class=\"elementor-background-overlay\"><\/div>\n\t\t\t\t\t\t\t<div class=\"elementor-container elementor-column-gap-default\">\n\t\t\t\t\t<div class=\"elementor-column elementor-col-50 elementor-top-column elementor-element elementor-element-68531f0a elementor-invisible\" data-id=\"68531f0a\" data-element_type=\"column\" data-settings=\"{&quot;animation&quot;:&quot;fadeInLeft&quot;}\">\n\t\t\t<div class=\"elementor-widget-wrap elementor-element-populated\">\n\t\t\t\t\t\t<div class=\"elementor-element elementor-element-67a4722a elementor-widget elementor-widget-heading\" data-id=\"67a4722a\" data-element_type=\"widget\" data-widget_type=\"heading.default\">\n\t\t\t\t<div class=\"elementor-widget-container\">\n\t\t\t\t\t<h2 class=\"elementor-heading-title elementor-size-default\">OKTAT\u00d3K <\/h2>\t\t\t\t<\/div>\n\t\t\t\t<\/div>\n\t\t\t\t\t<\/div>\n\t\t<\/div>\n\t\t\t\t<div class=\"elementor-column elementor-col-50 elementor-top-column elementor-element elementor-element-acb1a3f elementor-invisible\" data-id=\"acb1a3f\" data-element_type=\"column\" data-settings=\"{&quot;animation&quot;:&quot;fadeInRight&quot;}\">\n\t\t\t<div class=\"elementor-widget-wrap elementor-element-populated\">\n\t\t\t\t\t\t<div class=\"elementor-element elementor-element-43307aad elementor-widget elementor-widget-text-editor\" data-id=\"43307aad\" data-element_type=\"widget\" data-widget_type=\"text-editor.default\">\n\t\t\t\t<div class=\"elementor-widget-container\">\n\t\t\t\t\t\t\t\t\t<p style=\"font-weight: 400;\">N\u00e1lunk minden oktat\u00f3 magas szinten k\u00e9pzett, \u00e9s szinte mindannyian versenysportol\u00f3i m\u00falttal rendelkeznek. Ez az\u00e9rt fontos, mert a sport ir\u00e1nti elk\u00f6telezetts\u00e9g \u00e9s a versenyz\u00e9sb\u0151l fakad\u00f3 kitart\u00e1s \u00e9s fair play olyan profi, t\u00e1mogat\u00f3 \u00e9s motiv\u00e1lt oktat\u00f3i st\u00edlust eredm\u00e9nyez, amely sz\u00e1munkra igazi kincs. Itt nem csak hobbir\u00f3l van sz\u00f3 \u2013 ez sz\u00e1munkra szenved\u00e9ly \u00e9s elhivatotts\u00e1g. A Stretching Clubban oktat\u00f3ink sz\u00edv\u00fcgy\u00fcknek tekintik a sikereidet, \u00e9s mindig eml\u00e9keznek r\u00e1, ki hol tart, kinek mi jelent kih\u00edv\u00e1st. Sokat jav\u00edtanak, igaz\u00edtanak, \u00e9s mindenkire odafigyelnek, hogy mindenki a legt\u00f6bbet hozhassa ki mag\u00e1b\u00f3l. N\u00e1lunk a rivaliz\u00e1l\u00e1snak nyoma sincs \u2013 egy t\u00e1mogat\u00f3 k\u00f6z\u00f6ss\u00e9get \u00e9p\u00edtett\u00fcnk, ahol b\u00fcszk\u00e9k vagyunk mind az oktat\u00f3inkra, mind a vend\u00e9geinkre.\u00a0<\/p>\t\t\t\t\t\t\t\t<\/div>\n\t\t\t\t<\/div>\n\t\t\t\t\t<\/div>\n\t\t<\/div>\n\t\t\t\t\t<\/div>\n\t\t<\/section>\n\t\t\t\t<\/div>\n\t\t","protected":false},"excerpt":{"rendered":"<p>OKTAT\u00d3K N\u00e1lunk minden oktat\u00f3 magas szinten k\u00e9pzett, \u00e9s szinte mindannyian versenysportol\u00f3i m\u00falttal rendelkeznek. Ez az\u00e9rt fontos, mert a sport ir\u00e1nti elk\u00f6telezetts\u00e9g \u00e9s a versenyz\u00e9sb\u0151l fakad\u00f3 kitart\u00e1s \u00e9s fair play olyan profi, t\u00e1mogat\u00f3 \u00e9s motiv\u00e1lt oktat\u00f3i st\u00edlust eredm\u00e9nyez, amely sz\u00e1munkra igazi kincs. Itt nem csak hobbir\u00f3l van sz\u00f3 \u2013 ez sz\u00e1munkra szenved\u00e9ly \u00e9s elhivatotts\u00e1g. A Stretching [&hellip;]<\/p>\n","protected":false},"author":1,"featured_media":0,"parent":0,"menu_order":0,"comment_status":"closed","ping_status":"closed","template":"","meta":{"footnotes":""},"class_list":["post-27","page","type-page","status-publish","hentry"],"_links":{"self":[{"href":"http:\/\/stretchingclub.hu\/index.php\/wp-json\/wp\/v2\/pages\/27","targetHints":{"allow":["GET"]}}],"collection":[{"href":"http:\/\/stretchingclub.hu\/index.php\/wp-json\/wp\/v2\/pages"}],"about":[{"href":"http:\/\/stretchingclub.hu\/index.php\/wp-json\/wp\/v2\/types\/page"}],"author":[{"embeddable":true,"href":"http:\/\/stretchingclub.hu\/index.php\/wp-json\/wp\/v2\/users\/1"}],"replies":[{"embeddable":true,"href":"http:\/\/stretchingclub.hu\/index.php\/wp-json\/wp\/v2\/comments?post=27"}],"version-history":[{"count":0,"href":"http:\/\/stretchingclub.hu\/index.php\/wp-json\/wp\/v2\/pages\/27\/revisions"}],"wp:attachment":[{"href":"http:\/\/stretchingclub.hu\/index.php\/wp-json\/wp\/v2\/media?parent=27"}],"curies":[{"name":"wp","href":"https:\/\/api.w.org\/{rel}","templated":true}]}}