{"id":31,"date":"2024-07-31T08:37:14","date_gmt":"2024-07-31T06:37:14","guid":{"rendered":"http:\/\/teszt.stretchingclub.hu\/?page_id=31"},"modified":"2024-08-26T12:20:14","modified_gmt":"2024-08-26T10:20:14","slug":"esemenyek","status":"publish","type":"page","link":"http:\/\/stretchingclub.hu\/index.php\/esemenyek\/","title":{"rendered":"ESEM\u00c9NYEK\u00a0"},"content":{"rendered":"\t\t<div data-elementor-type=\"wp-page\" data-elementor-id=\"31\" class=\"elementor elementor-31\" data-elementor-post-type=\"page\">\n\t\t\t\t\t\t<section class=\"elementor-section elementor-top-section elementor-element elementor-element-44cde8d7 elementor-section-height-min-height elementor-section-boxed elementor-section-height-default elementor-section-items-middle\" data-id=\"44cde8d7\" data-element_type=\"section\" data-settings=\"{&quot;background_background&quot;:&quot;classic&quot;}\">\n\t\t\t\t\t\t\t<div class=\"elementor-background-overlay\"><\/div>\n\t\t\t\t\t\t\t<div class=\"elementor-container elementor-column-gap-default\">\n\t\t\t\t\t<div class=\"elementor-column elementor-col-50 elementor-top-column elementor-element elementor-element-23e9c29e elementor-invisible\" data-id=\"23e9c29e\" data-element_type=\"column\" data-settings=\"{&quot;animation&quot;:&quot;fadeInLeft&quot;}\">\n\t\t\t<div class=\"elementor-widget-wrap elementor-element-populated\">\n\t\t\t\t\t\t<div class=\"elementor-element elementor-element-2c2e7fc3 elementor-widget elementor-widget-heading\" data-id=\"2c2e7fc3\" data-element_type=\"widget\" data-widget_type=\"heading.default\">\n\t\t\t\t<div class=\"elementor-widget-container\">\n\t\t\t\t\t<h2 class=\"elementor-heading-title elementor-size-default\">K\u00f6z\u00f6ss\u00e9g<\/h2>\t\t\t\t<\/div>\n\t\t\t\t<\/div>\n\t\t\t\t\t<\/div>\n\t\t<\/div>\n\t\t\t\t<div class=\"elementor-column elementor-col-50 elementor-top-column elementor-element elementor-element-4432387e elementor-invisible\" data-id=\"4432387e\" data-element_type=\"column\" data-settings=\"{&quot;animation&quot;:&quot;fadeInRight&quot;}\">\n\t\t\t<div class=\"elementor-widget-wrap elementor-element-populated\">\n\t\t\t\t\t\t<div class=\"elementor-element elementor-element-54d18ea5 elementor-widget elementor-widget-text-editor\" data-id=\"54d18ea5\" data-element_type=\"widget\" data-widget_type=\"text-editor.default\">\n\t\t\t\t<div class=\"elementor-widget-container\">\n\t\t\t\t\t\t\t\t\t<p style=\"font-weight: 400;\">Folyamatos fejl\u0151d\u00e9s \u00e9s siker\u00e9lm\u00e9ny v\u00e1r r\u00e1d egy t\u00e1mogat\u00f3, igaz\u00e1n kedves \u00e9s b\u00e1tor\u00edt\u00f3 k\u00f6z\u00f6ss\u00e9g tagjak\u00e9nt. T\u00falz\u00e1s n\u00e9lk\u00fcl \u00e1ll\u00edthatjuk, hogy vend\u00e9geink a legkedvesebb \u00e9s leginspir\u00e1l\u00f3bb l\u00e1nyok, akikkel valaha tal\u00e1lkoztunk! Amellett, hogy egy\u00fctt edz\u00fcnk, egy \u00f6sszetart\u00f3 k\u00f6z\u00f6ss\u00e9get is alkotunk, ami sz\u00e1munkra rendk\u00edv\u00fcl fontos. Rendszeresen szervez\u00fcnk fot\u00f3z\u00e1sokat, workshopokat \u00e9s t\u00e1borokat, ahol nemcsak szuper \u00e9lm\u00e9nyekben lehet r\u00e9szed, de tov\u00e1bb fejlesztheted a tud\u00e1sodat is. Ezen esem\u00e9nyeken megtapasztalhatod, milyen \u00e9rz\u00e9s egy t\u00e1mogat\u00f3 k\u00f6z\u00f6ss\u00e9g r\u00e9szese lenni, mik\u00f6zben \u00e9lvezed az \u00f6r\u00f6m\u00f6t, adrenalint \u00e9s b\u00fcszkes\u00e9get, amit a folyamatos fejl\u0151d\u00e9s hoz. Legy\u00e9l egyre dinamikusabb \u00e9s flexibilisebb, \u00e9s ker\u00fclj egyre k\u00f6zelebb a c\u00e9ljaidhoz, mindezt egy olyan k\u00f6z\u00f6ss\u00e9g r\u00e9szek\u00e9nt, amely mindig melletted \u00e1ll!<\/p>\t\t\t\t\t\t\t\t<\/div>\n\t\t\t\t<\/div>\n\t\t\t\t\t<\/div>\n\t\t<\/div>\n\t\t\t\t\t<\/div>\n\t\t<\/section>\n\t\t\t\t<\/div>\n\t\t","protected":false},"excerpt":{"rendered":"<p>K\u00f6z\u00f6ss\u00e9g Folyamatos fejl\u0151d\u00e9s \u00e9s siker\u00e9lm\u00e9ny v\u00e1r r\u00e1d egy t\u00e1mogat\u00f3, igaz\u00e1n kedves \u00e9s b\u00e1tor\u00edt\u00f3 k\u00f6z\u00f6ss\u00e9g tagjak\u00e9nt. T\u00falz\u00e1s n\u00e9lk\u00fcl \u00e1ll\u00edthatjuk, hogy vend\u00e9geink a legkedvesebb \u00e9s leginspir\u00e1l\u00f3bb l\u00e1nyok, akikkel valaha tal\u00e1lkoztunk! Amellett, hogy egy\u00fctt edz\u00fcnk, egy \u00f6sszetart\u00f3 k\u00f6z\u00f6ss\u00e9get is alkotunk, ami sz\u00e1munkra rendk\u00edv\u00fcl fontos. Rendszeresen szervez\u00fcnk fot\u00f3z\u00e1sokat, workshopokat \u00e9s t\u00e1borokat, ahol nemcsak szuper \u00e9lm\u00e9nyekben lehet r\u00e9szed, de tov\u00e1bb [&hellip;]<\/p>\n","protected":false},"author":1,"featured_media":0,"parent":0,"menu_order":0,"comment_status":"closed","ping_status":"closed","template":"","meta":{"footnotes":""},"class_list":["post-31","page","type-page","status-publish","hentry"],"_links":{"self":[{"href":"http:\/\/stretchingclub.hu\/index.php\/wp-json\/wp\/v2\/pages\/31","targetHints":{"allow":["GET"]}}],"collection":[{"href":"http:\/\/stretchingclub.hu\/index.php\/wp-json\/wp\/v2\/pages"}],"about":[{"href":"http:\/\/stretchingclub.hu\/index.php\/wp-json\/wp\/v2\/types\/page"}],"author":[{"embeddable":true,"href":"http:\/\/stretchingclub.hu\/index.php\/wp-json\/wp\/v2\/users\/1"}],"replies":[{"embeddable":true,"href":"http:\/\/stretchingclub.hu\/index.php\/wp-json\/wp\/v2\/comments?post=31"}],"version-history":[{"count":0,"href":"http:\/\/stretchingclub.hu\/index.php\/wp-json\/wp\/v2\/pages\/31\/revisions"}],"wp:attachment":[{"href":"http:\/\/stretchingclub.hu\/index.php\/wp-json\/wp\/v2\/media?parent=31"}],"curies":[{"name":"wp","href":"https:\/\/api.w.org\/{rel}","templated":true}]}}